{"id":85,"date":"2022-02-18T13:10:33","date_gmt":"2022-02-18T12:10:33","guid":{"rendered":"http:\/\/nowa.exsystem.pl\/?page_id=85"},"modified":"2022-02-27T17:30:33","modified_gmt":"2022-02-27T16:30:33","slug":"o-firmie","status":"publish","type":"page","link":"http:\/\/nowa.exsystem.pl\/","title":{"rendered":"O firmie"},"content":{"rendered":"\n<p>GRUPA ELEKTRONIX-SYSTEM posiada stabiln\u0105 i wiarygodn\u0105 pozycj\u0119 na polskim rynku, zapewniaj\u0105c profesjonaln\u0105 realizacj\u0119 i obs\u0142ug\u0119. Dostarcza nowoczesne i kompleksowe rozwi\u0105zania dla bran\u017cy instalacyjnej i budowlanej, jest wykonawc\u0105 projekt\u00f3w powierzchni biurowych, handlowych i przemys\u0142owych, instalacji elektrycznych, system\u00f3w automatyki budynkowej i zarz\u0105dzania budynkami, elektronicznych system\u00f3w zabezpiecze\u0144 i instalacji teletechnicznych. <\/p>\n\n\n\n<p>Firma posiada wieloletnie do\u015bwiadczenie w realizacji bardzo du\u017cych i skomplikowanych projekt\u00f3w, zakres us\u0142ug obejmuje projektowanie, optymalizacj\u0119 projekt\u00f3w, doradztwo, wykonawstwo, monta\u017c, uruchomienie, a tak\u017ce serwis i us\u0142ugi dostarczania rozwi\u0105za\u0144 dla biur, przedsi\u0119biorstw, przemys\u0142u zak\u0142ady, us\u0142ugi, handel detaliczny i instytucji pa\u0144stwowych . <br><\/p>\n\n\n\n<figure class=\"wp-block-gallery has-nested-images columns-default is-cropped wp-block-gallery-1 is-layout-flex wp-block-gallery-is-layout-flex\">\n<figure class=\"wp-block-image size-large\"><img loading=\"lazy\" decoding=\"async\" width=\"960\" height=\"540\" data-id=\"159\" src=\"http:\/\/nowa.exsystem.pl\/wp-content\/uploads\/2022\/02\/29792891_1844649225609653_2750016826777534256_n.jpg\" alt=\"\" class=\"wp-image-159\" srcset=\"http:\/\/nowa.exsystem.pl\/wp-content\/uploads\/2022\/02\/29792891_1844649225609653_2750016826777534256_n.jpg 960w, http:\/\/nowa.exsystem.pl\/wp-content\/uploads\/2022\/02\/29792891_1844649225609653_2750016826777534256_n-300x169.jpg 300w, http:\/\/nowa.exsystem.pl\/wp-content\/uploads\/2022\/02\/29792891_1844649225609653_2750016826777534256_n-768x432.jpg 768w\" sizes=\"auto, (max-width: 960px) 100vw, 960px\" \/><\/figure>\n\n\n\n<figure class=\"wp-block-image size-large\"><img loading=\"lazy\" decoding=\"async\" width=\"960\" height=\"540\" data-id=\"157\" src=\"http:\/\/nowa.exsystem.pl\/wp-content\/uploads\/2022\/02\/29790621_1844649342276308_5072715870229467854_n.jpg\" alt=\"\" class=\"wp-image-157\" srcset=\"http:\/\/nowa.exsystem.pl\/wp-content\/uploads\/2022\/02\/29790621_1844649342276308_5072715870229467854_n.jpg 960w, http:\/\/nowa.exsystem.pl\/wp-content\/uploads\/2022\/02\/29790621_1844649342276308_5072715870229467854_n-300x169.jpg 300w, http:\/\/nowa.exsystem.pl\/wp-content\/uploads\/2022\/02\/29790621_1844649342276308_5072715870229467854_n-768x432.jpg 768w\" sizes=\"auto, (max-width: 960px) 100vw, 960px\" \/><\/figure>\n\n\n\n<figure class=\"wp-block-image size-large\"><img loading=\"lazy\" decoding=\"async\" width=\"540\" height=\"960\" data-id=\"154\" src=\"http:\/\/nowa.exsystem.pl\/wp-content\/uploads\/2022\/02\/29791475_1844649128942996_8956665305864780146_n.jpg\" alt=\"\" class=\"wp-image-154\" srcset=\"http:\/\/nowa.exsystem.pl\/wp-content\/uploads\/2022\/02\/29791475_1844649128942996_8956665305864780146_n.jpg 540w, http:\/\/nowa.exsystem.pl\/wp-content\/uploads\/2022\/02\/29791475_1844649128942996_8956665305864780146_n-169x300.jpg 169w\" sizes=\"auto, (max-width: 540px) 100vw, 540px\" \/><\/figure>\n<\/figure>\n\n\n\n<p><strong>NAJWY\u017bSZA JAKO\u015a\u0106<\/strong><\/p>\n\n\n\n<p>ELEKTRONIX-SYSTEM to firma z ponad 15-letnim do\u015bwiadczeniem na polskim rynku. Firma od samego pocz\u0105tku przyk\u0142ada\u0142a szczeg\u00f3ln\u0105 wag\u0119 do tworzenia nowoczesnych system\u00f3w dostosowanych do potrzeb swoich klient\u00f3w. Posiadamy zesp\u00f3\u0142 wykwalifikowanych specjalist\u00f3w oraz specjalistyczne zaplecze techniczne, dzi\u0119ki czemu jeste\u015bmy w stanie zrealizowa\u0107 ka\u017cdy projekt, niezale\u017cnie od jego wielko\u015bci i stopnia skomplikowania.<\/p>\n\n\n\n<p>Nasz\u0105 misj\u0105 jest \u015bwiadczenie najwy\u017cszej jako\u015bci us\u0142ug zgodnie z indywidualnymi potrzebami naszych klient\u00f3w. Wiemy, \u017ce kluczem do sukcesu s\u0105 ludzie, dlatego nieustannie staramy si\u0119 wzmacnia\u0107 naszych pracownik\u00f3w. Inwestujemy w nasz zesp\u00f3\u0142, aby podnosi\u0107 kwalifikacje in\u017cynier\u00f3w i technik\u00f3w poprzez profesjonalne kursy i szkolenia. Zgromadzili\u015bmy do\u015bwiadczenie realizuj\u0105c najbardziej wymagaj\u0105ce projekty o dowolnej wielko\u015bci i z\u0142o\u017cono\u015bci. Wszystkie prace, kt\u00f3re wykonujemy, wykonujemy z wielk\u0105 staranno\u015bci\u0105. Profesjonalne podej\u015bcie do naszych klient\u00f3w oraz rzetelne wykonywanie powierzonych nam zada\u0144 charakteryzuj\u0105 nasze us\u0142ugi najwy\u017cszej jako\u015bci.<br><\/p>\n\n\n\n<p><strong>ZAKRES US\u0141UG<\/strong><\/p>\n\n\n\n<p>Zapewniamy kompleksowe wsparcie na ka\u017cdym etapie realizacji projektu. Posiadamy zesp\u00f3\u0142 wykwalifikowanych ekspert\u00f3w, w sk\u0142ad kt\u00f3rego wchodz\u0105 najwy\u017cszej klasy projektanci, in\u017cynierowie i kierownicy projekt\u00f3w. Koncentrujemy si\u0119 na wydajno\u015bci i maksymalnych parametrach pracy instalacji i system\u00f3w budynkowych. <\/p>\n\n\n\n<p><strong>Oferujemy nowoczesne i kompleksowe rozwi\u0105zania w zakresie:<\/strong><\/p>\n\n\n\n<ul class=\"wp-block-list\"><li><strong>System\u00f3w bezpiecze\u0144stwa budynkowego (SSWiN, CCTV, SSP, KD) <\/strong><\/li><li><strong>Instalacji strukturalnych  <\/strong><\/li><li><strong>System\u00f3w \u015bwiat\u0142owodowych <\/strong><\/li><li><strong>System\u00f3w obs\u0142ugi klient\u00f3w obiekt\u00f3w sportowych <\/strong><\/li><li><strong>System\u00f3w sklepowych <\/strong><\/li><li><strong>Rozwi\u0105zania dla handlu i logistyki<\/strong><\/li><li><strong>Technologie bezpiecze\u0144stwa dla przemys\u0142u<\/strong><\/li><li><strong>Instalacje elektryczne i teletechniczne<\/strong><br><\/li><\/ul>\n\n\n\n<figure class=\"wp-block-gallery has-nested-images columns-default is-cropped wp-block-gallery-2 is-layout-flex wp-block-gallery-is-layout-flex\">\n<figure class=\"wp-block-image size-large\"><img loading=\"lazy\" decoding=\"async\" width=\"960\" height=\"540\" data-id=\"177\" src=\"http:\/\/nowa.exsystem.pl\/wp-content\/uploads\/2022\/02\/13103274_1038727382868512_1963271053864124559_n.jpg\" alt=\"\" class=\"wp-image-177\" srcset=\"http:\/\/nowa.exsystem.pl\/wp-content\/uploads\/2022\/02\/13103274_1038727382868512_1963271053864124559_n.jpg 960w, http:\/\/nowa.exsystem.pl\/wp-content\/uploads\/2022\/02\/13103274_1038727382868512_1963271053864124559_n-300x169.jpg 300w, http:\/\/nowa.exsystem.pl\/wp-content\/uploads\/2022\/02\/13103274_1038727382868512_1963271053864124559_n-768x432.jpg 768w\" sizes=\"auto, (max-width: 960px) 100vw, 960px\" \/><\/figure>\n\n\n\n<figure class=\"wp-block-image size-large\"><img loading=\"lazy\" decoding=\"async\" width=\"960\" height=\"540\" data-id=\"178\" src=\"http:\/\/nowa.exsystem.pl\/wp-content\/uploads\/2022\/02\/13138792_1038727302868520_4296622202292485320_n.jpg\" alt=\"\" class=\"wp-image-178\" srcset=\"http:\/\/nowa.exsystem.pl\/wp-content\/uploads\/2022\/02\/13138792_1038727302868520_4296622202292485320_n.jpg 960w, http:\/\/nowa.exsystem.pl\/wp-content\/uploads\/2022\/02\/13138792_1038727302868520_4296622202292485320_n-300x169.jpg 300w, http:\/\/nowa.exsystem.pl\/wp-content\/uploads\/2022\/02\/13138792_1038727302868520_4296622202292485320_n-768x432.jpg 768w\" sizes=\"auto, (max-width: 960px) 100vw, 960px\" \/><\/figure>\n\n\n\n<figure class=\"wp-block-image size-large\"><img loading=\"lazy\" decoding=\"async\" width=\"528\" height=\"960\" data-id=\"179\" src=\"http:\/\/nowa.exsystem.pl\/wp-content\/uploads\/2022\/02\/13179099_1038727279535189_5040717916400773155_n.jpg\" alt=\"\" class=\"wp-image-179\" srcset=\"http:\/\/nowa.exsystem.pl\/wp-content\/uploads\/2022\/02\/13179099_1038727279535189_5040717916400773155_n.jpg 528w, http:\/\/nowa.exsystem.pl\/wp-content\/uploads\/2022\/02\/13179099_1038727279535189_5040717916400773155_n-165x300.jpg 165w\" sizes=\"auto, (max-width: 528px) 100vw, 528px\" \/><\/figure>\n<\/figure>\n\n\n\n<p><strong>SERWIS I KONSERWACJA<\/strong><\/p>\n\n\n\n<p>Przeprowadzamy regularne przegl\u0105dy konserwacyjne naszych urz\u0105dze\u0144, aby dzia\u0142a\u0142y niezawodnie przez wiele lat. Zdajemy sobie spraw\u0119, \u017ce kluczowym czynnikiem wp\u0142ywaj\u0105cym na wydajno\u015b\u0107 zainstalowanego systemu jest jego sprawna i nieprzerwana praca, dlatego wszelkie zg\u0142oszenia awarii traktujemy priorytetowo. W zakresie serwisu gwarancyjnego i pogwarancyjnego zapewniamy klientom szybk\u0105 reakcj\u0119 serwisow\u0105 (od 4 godzin). Przywi\u0105zujemy du\u017c\u0105 wag\u0119 do elastyczno\u015bci i profesjonalizmu naszych dzia\u0142a\u0144, kt\u00f3re pozwalaj\u0105 nam szybko eliminowa\u0107 wady. Gwarantujemy terminowe wykonanie zleconych prac oraz zadowolenie naszych klient\u00f3w z jako\u015bci \u015bwiadczonych us\u0142ug.<\/p>\n\n\n\n<p><\/p>\n\n\n\n<p><\/p>\n","protected":false},"excerpt":{"rendered":"<p>GRUPA ELEKTRONIX-SYSTEM posiada stabiln\u0105 i wiarygodn\u0105 pozycj\u0119 na polskim rynku, zapewniaj\u0105c profesjonaln\u0105 realizacj\u0119 i obs\u0142ug\u0119. Dostarcza nowoczesne i kompleksowe rozwi\u0105zania dla bran\u017cy instalacyjnej i budowlanej, jest wykonawc\u0105 projekt\u00f3w powierzchni biurowych, handlowych i przemys\u0142owych, instalacji elektrycznych, system\u00f3w automatyki budynkowej i zarz\u0105dzania budynkami, elektronicznych system\u00f3w zabezpiecze\u0144 i instalacji teletechnicznych. Firma posiada wieloletnie do\u015bwiadczenie w realizacji bardzo du\u017cych&hellip;&nbsp;<a href=\"http:\/\/nowa.exsystem.pl\/\" class=\"\" rel=\"bookmark\">Czytaj dalej &raquo;<span class=\"screen-reader-text\">O firmie<\/span><\/a><\/p>\n","protected":false},"author":1,"featured_media":167,"parent":0,"menu_order":23,"comment_status":"closed","ping_status":"closed","template":"","meta":{"neve_meta_sidebar":"","neve_meta_container":"","neve_meta_enable_content_width":"","neve_meta_content_width":0,"neve_meta_title_alignment":"","neve_meta_author_avatar":"","neve_post_elements_order":"","neve_meta_disable_header":"","neve_meta_disable_footer":"","neve_meta_disable_title":"","_ti_tpc_template_sync":false,"_ti_tpc_template_id":"","footnotes":""},"class_list":["post-85","page","type-page","status-publish","has-post-thumbnail","hentry"],"_links":{"self":[{"href":"http:\/\/nowa.exsystem.pl\/index.php?rest_route=\/wp\/v2\/pages\/85","targetHints":{"allow":["GET"]}}],"collection":[{"href":"http:\/\/nowa.exsystem.pl\/index.php?rest_route=\/wp\/v2\/pages"}],"about":[{"href":"http:\/\/nowa.exsystem.pl\/index.php?rest_route=\/wp\/v2\/types\/page"}],"author":[{"embeddable":true,"href":"http:\/\/nowa.exsystem.pl\/index.php?rest_route=\/wp\/v2\/users\/1"}],"replies":[{"embeddable":true,"href":"http:\/\/nowa.exsystem.pl\/index.php?rest_route=%2Fwp%2Fv2%2Fcomments&post=85"}],"version-history":[{"count":4,"href":"http:\/\/nowa.exsystem.pl\/index.php?rest_route=\/wp\/v2\/pages\/85\/revisions"}],"predecessor-version":[{"id":180,"href":"http:\/\/nowa.exsystem.pl\/index.php?rest_route=\/wp\/v2\/pages\/85\/revisions\/180"}],"wp:featuredmedia":[{"embeddable":true,"href":"http:\/\/nowa.exsystem.pl\/index.php?rest_route=\/wp\/v2\/media\/167"}],"wp:attachment":[{"href":"http:\/\/nowa.exsystem.pl\/index.php?rest_route=%2Fwp%2Fv2%2Fmedia&parent=85"}],"curies":[{"name":"wp","href":"https:\/\/api.w.org\/{rel}","templated":true}]}}