{"id":376,"date":"2022-03-01T12:32:04","date_gmt":"2022-03-01T11:32:04","guid":{"rendered":"http:\/\/nowa.exsystem.pl\/?page_id=376"},"modified":"2022-03-01T12:32:05","modified_gmt":"2022-03-01T11:32:05","slug":"kariera","status":"publish","type":"page","link":"http:\/\/nowa.exsystem.pl\/?page_id=376","title":{"rendered":"Kariera"},"content":{"rendered":"\n<p>GRUPA ELEKTRONIX-SYSTEM w zwi\u0105zku z dynamicznym rozwojem poszukuje pracownik\u00f3w na stanowisku: <strong>monter instalacji teletechnicznych <\/strong><\/p>\n\n\n\n<p>Wymagania:<br>&#8211; prawo jazdy kat. B <br>&#8211; dyspozycyjno\u015b\u0107 <\/p>\n\n\n\n<p>Nie wymagamy wykszta\u0142cenia ani do\u015bwiadczenia w tej dziedzinie tylko ch\u0119ci do nauki i nowych wyzwa\u0144 <\/p>\n\n\n\n<p>Gwarantujemy:<br>&#8211; umow\u0119 o prac\u0119 <br>&#8211; ubezpieczenie dodatkowe <br>&#8211; mo\u017cliwo\u015b\u0107 rozwoju zawodowego <br>Praca w systemie 4\/3 (cztery dni w delegacji, 3 dni w domu), firma zapewnia zakwaterowanie w hotelu ze \u015bniadaniem oraz obiadokolacje, czas pracy liczymy od wyjazdu z firmy (hotelu) do powrotu na firm\u0119 (hotel) . Praca w m\u0142odym zespole. <br>CV prosz\u0119 kierowa\u0107 na adres: praca@exsystem.pl <br><\/p>\n\n\n\n<p><br>Firma zastrzega sobie prawo do odpowiedzi tylko na wybrane oferty. P.P.H.U. ELEKTRONIX-SYSTEM jako administrator danych osobowych informuje, i\u017c dane osobowe kandydat\u00f3w podane w przes\u0142anych dokumentach b\u0119d\u0105 przetwarzane w celu obecnie prowadzonej rekrutacji oraz w przysz\u0142o\u015bci na potrzeby dalszych post\u0119powa\u0144 rekrutacyjnych. Kandydatowi przys\u0142uguje prawo dost\u0119pu do tre\u015bci danych, ich poprawiania oraz uzupe\u0142nienia, uaktualnienia, sprostowania danych osobowych, czasowego lub sta\u0142ego wstrzymania ich przetwarzania lub ich usuni\u0119cia. Podanie danych osobowych jest dobrowolne. Przes\u0142ane przez kandydata dokumenty winny zawiera\u0107 zgod\u0119 na przetwarzanie danych osobowych zgodnie z poni\u017cszym o\u015bwiadczeniem: \u201eWyra\u017cam zgod\u0119 na przetwarzanie moich danych osobowych przez P.P.H.U ELEKTRONIX-SYSTEM w celu rekrutacji zgodnie z art. 6 ust. 1 lit. a, b Rozporz\u0105dzenia Parlamentu Europejskiego i Rady (UE) 2016\/679 z dnia 27 kwietnia 2016 r.\u201d<\/p>\n","protected":false},"excerpt":{"rendered":"<p>GRUPA ELEKTRONIX-SYSTEM w zwi\u0105zku z dynamicznym rozwojem poszukuje pracownik\u00f3w na stanowisku: monter instalacji teletechnicznych Wymagania:&#8211; prawo jazdy kat. B &#8211; dyspozycyjno\u015b\u0107 Nie wymagamy wykszta\u0142cenia ani do\u015bwiadczenia w tej dziedzinie tylko ch\u0119ci do nauki i nowych wyzwa\u0144 Gwarantujemy:&#8211; umow\u0119 o prac\u0119 &#8211; ubezpieczenie dodatkowe &#8211; mo\u017cliwo\u015b\u0107 rozwoju zawodowego Praca w systemie 4\/3 (cztery dni w delegacji,&hellip;&nbsp;<a href=\"http:\/\/nowa.exsystem.pl\/?page_id=376\" class=\"\" rel=\"bookmark\">Czytaj dalej &raquo;<span class=\"screen-reader-text\">Kariera<\/span><\/a><\/p>\n","protected":false},"author":1,"featured_media":178,"parent":0,"menu_order":4,"comment_status":"closed","ping_status":"closed","template":"","meta":{"neve_meta_sidebar":"","neve_meta_container":"","neve_meta_enable_content_width":"","neve_meta_content_width":0,"neve_meta_title_alignment":"","neve_meta_author_avatar":"","neve_post_elements_order":"","neve_meta_disable_header":"","neve_meta_disable_footer":"","neve_meta_disable_title":"","_ti_tpc_template_sync":false,"_ti_tpc_template_id":"","footnotes":""},"class_list":["post-376","page","type-page","status-publish","has-post-thumbnail","hentry"],"_links":{"self":[{"href":"http:\/\/nowa.exsystem.pl\/index.php?rest_route=\/wp\/v2\/pages\/376","targetHints":{"allow":["GET"]}}],"collection":[{"href":"http:\/\/nowa.exsystem.pl\/index.php?rest_route=\/wp\/v2\/pages"}],"about":[{"href":"http:\/\/nowa.exsystem.pl\/index.php?rest_route=\/wp\/v2\/types\/page"}],"author":[{"embeddable":true,"href":"http:\/\/nowa.exsystem.pl\/index.php?rest_route=\/wp\/v2\/users\/1"}],"replies":[{"embeddable":true,"href":"http:\/\/nowa.exsystem.pl\/index.php?rest_route=%2Fwp%2Fv2%2Fcomments&post=376"}],"version-history":[{"count":1,"href":"http:\/\/nowa.exsystem.pl\/index.php?rest_route=\/wp\/v2\/pages\/376\/revisions"}],"predecessor-version":[{"id":377,"href":"http:\/\/nowa.exsystem.pl\/index.php?rest_route=\/wp\/v2\/pages\/376\/revisions\/377"}],"wp:featuredmedia":[{"embeddable":true,"href":"http:\/\/nowa.exsystem.pl\/index.php?rest_route=\/wp\/v2\/media\/178"}],"wp:attachment":[{"href":"http:\/\/nowa.exsystem.pl\/index.php?rest_route=%2Fwp%2Fv2%2Fmedia&parent=376"}],"curies":[{"name":"wp","href":"https:\/\/api.w.org\/{rel}","templated":true}]}}